{"id":705,"date":"2023-10-09T10:40:10","date_gmt":"2023-10-09T10:40:10","guid":{"rendered":"https:\/\/totambtu.com\/declaracio-daccessibilitat\/"},"modified":"2024-03-12T08:34:20","modified_gmt":"2024-03-12T08:34:20","slug":"declaracio-daccessibilitat","status":"publish","type":"page","link":"https:\/\/totambtu.com\/ca\/declaracio-daccessibilitat\/","title":{"rendered":"Declaraci\u00f3 d&#8217;accessibilitat"},"content":{"rendered":"<p>[et_pb_section fb_built=&#8221;1&#8243; module_class=&#8221;gradient-1&#8243; _builder_version=&#8221;4.22.1&#8243; _module_preset=&#8221;default&#8221; use_background_color_gradient=&#8221;on&#8221; background_color_gradient_direction=&#8221;156deg&#8221; background_color_gradient_stops=&#8221;#ee760d 0%|#ea504d 58%|#6a5aa3 100%&#8221; custom_padding=&#8221;80px||80px||false|false&#8221; locked=&#8221;off&#8221; global_colors_info=&#8221;{}&#8221;][et_pb_row _builder_version=&#8221;4.21.0&#8243; _module_preset=&#8221;default&#8221; global_colors_info=&#8221;{}&#8221;][et_pb_column type=&#8221;4_4&#8243; _builder_version=&#8221;4.21.0&#8243; _module_preset=&#8221;default&#8221; global_colors_info=&#8221;{}&#8221;][et_pb_text _builder_version=&#8221;4.22.1&#8243; _module_preset=&#8221;default&#8221; header_text_color=&#8221;#FFFFFF&#8221; hover_enabled=&#8221;0&#8243; global_colors_info=&#8221;{}&#8221; sticky_enabled=&#8221;0&#8243;]<\/p>\n<h1>Declaraci\u00f3 d&#8217;accessibilitat<\/h1>\n<p>[\/et_pb_text][\/et_pb_column][\/et_pb_row][\/et_pb_section][et_pb_section fb_built=&#8221;1&#8243; _builder_version=&#8221;4.22.1&#8243; _module_preset=&#8221;default&#8221; global_colors_info=&#8221;{}&#8221;][et_pb_row _builder_version=&#8221;4.22.1&#8243; _module_preset=&#8221;default&#8221; global_colors_info=&#8221;{}&#8221;][et_pb_column type=&#8221;4_4&#8243; _builder_version=&#8221;4.22.1&#8243; _module_preset=&#8221;default&#8221; global_colors_info=&#8221;{}&#8221;][et_pb_text _builder_version=&#8221;4.22.1&#8243; header_2_font=&#8221;|600|||||||&#8221; header_2_font_size=&#8221;23px&#8221; header_2_line_height=&#8221;1.2em&#8221; header_3_font_size=&#8221;19px&#8221; background_size=&#8221;initial&#8221; background_position=&#8221;top_left&#8221; background_repeat=&#8221;repeat&#8221; hover_enabled=&#8221;0&#8243; global_colors_info=&#8221;{}&#8221; sticky_enabled=&#8221;0&#8243;]<\/p>\n<p><strong>ASSOCIACIO AMB TU, Acompanyament Terap\u00e8utic Catalunya<\/strong> s&#8217;ha comprom\u00e8s a fer accessible el seu lloc web, de conformitat amb el Reial decret 1112\/2018, de 7 de setembre, sobre accessibilitat dels llocs web i aplicacions per a dispositius m\u00f2bils del sector p\u00fablic.<br \/>La present declaraci\u00f3 d&#8217;accessibilitat s&#8217;aplica al lloc web <a href=\"https:\/\/totambtu.com\/ca\/\">https:\/\/totambtu.com<\/a><br \/>Situaci\u00f3 de compliment<\/p>\n<p>Aquest lloc web \u00e9s parcialment conforme amb l&#8217;RD 1112\/2018, a causa de les excepcions i a la falta de conformitat dels aspectes que s&#8217;indiquen a continuaci\u00f3.<\/p>\n<p><strong>Contingut no accessible<\/strong><\/p>\n<p>El contingut que es recull a continuaci\u00f3 no \u00e9s accessible pel seg\u00fcent:<\/p>\n<p>Falta de conformitat amb:<\/p>\n<p>UNEIX 9.1.4.12 Espaiat del text. En el contingut implementat usant llenguatges de marcat que suporten les seg\u00fcents propietats d&#8217;estil de text, no es produeix cap p\u00e8rdua de contingut o funcionalitat en configurar tot el seg\u00fcent i al no canviar cap altra propietat d&#8217;estil:<\/p>\n<p>\u2013 Altura de l\u00ednia (espaiat de l\u00ednia) d&#8217;almenys 1,5 vegades la grand\u00e0ria de la font;<\/p>\n<p>\u2013 Espaiant els par\u00e0grafs seg\u00fcents a almenys 2 vegades la grand\u00e0ria de la font;<\/p>\n<p>\u2013 Espaiat de lletres (rastreig) a almenys 0.12 vegades la grand\u00e0ria de la font;<\/p>\n<p>\u2013 Espai entre paraules d&#8217;almenys 0.16 vegades la grand\u00e0ria de la font.<\/p>\n<p>UNEIX 9.6 Requisits de conformitat de les Pautes WCAG. S&#8217;han de satisfer, en el nivell AA, els cinc requisits de conformitat de les Pautes WCAG 2.1 seg\u00fcents [5]:<\/p>\n<p>1) nivell de conformitat;<\/p>\n<p>2) p\u00e0gines completes;<\/p>\n<p>3) processos complets;<\/p>\n<p>4) \u00fas de tecnologies exclusivament segons m\u00e8todes que siguin compatibles amb l&#8217;accessibilitat;<\/p>\n<p>5) sense interfer\u00e8ncia.<\/p>\n<p>UNEIX 11.7 Prefer\u00e8ncies d&#8217;usuari. Quan el programari que no est\u00e0 dissenyat per a a\u00efllar-se de la seva plataforma proporcioni una interf\u00edcie d&#8217;usuari, aquesta interf\u00edcie d&#8217;usuari ha de seguir els valors de les prefer\u00e8ncies de l&#8217;usuari respecte a unitats de mesura, color, contrast, tipus de lletra, cos de lletra i cursor del focus de la plataforma, tret que l&#8217;usuari els anul\u00b7li.<\/p>\n<p>UNEIX 11.8.1 Tecnologia de gesti\u00f3 de continguts. En la mesura en qu\u00e8 la informaci\u00f3 necess\u00e0ria per a l&#8217;accessibilitat sigui compatible amb el format que s&#8217;utilitza per a la sortida de l&#8217;eina d&#8217;autor.<\/p>\n<p>UNEIX 11.8.2 Creaci\u00f3 de continguts accessibles. les eines d&#8217;autor han de permetre i guiar la producci\u00f3 de continguts conforme als cap\u00edtols 9 (p\u00e0gines web) o 10 (per a document no web) (\u00e9s a dir, el nivell AA de les WCAG 2.1).<\/p>\n<p>UNEIX 11.8.3 Preservaci\u00f3 de la informaci\u00f3 d&#8217;accessibilitat durant les transformacions. Si l&#8217;eina d&#8217;autor proporciona transformacions de reestructuraci\u00f3 o de recodificaci\u00f3 i si en la tecnologia de gesti\u00f3 de continguts de la sortida existeixen mecanismes equivalents, llavors la informaci\u00f3 d&#8217;accessibilitat ha de preservar-se en la sortida.<\/p>\n<p>UNEIX 11.8.4 Servei de reparaci\u00f3. Si la funcionalitat de verificaci\u00f3 de l&#8217;accessibilitat d&#8217;una eina d&#8217;autor pot detectar si el contingut no compleix un requisit dels cap\u00edtols 9 (Web) o 10 (Documents no web), segons sigui procedent, llavors l&#8217;eina d&#8217;autor ha de proporcionar una(s) suggeriment(s) per a la seva reparaci\u00f3.<\/p>\n<p>UNEIX 11.8.5 Plantilles. Si una eina d&#8217;autor proporciona plantilles, ha d&#8217;estar disponible i identificada com a tal almenys una plantilla que sigui compatible amb la creaci\u00f3 de contingut conforme als requisits dels cap\u00edtols 9 (Web) o 10 (Documents no web), segons sigui procedent.<\/p>\n<p>UNEIX 12.2.2 Comunicaci\u00f3 efectiva. els serveis de suport han de proporcionar informaci\u00f3 sobre les caracter\u00edstiques d&#8217;accessibilitat i compatibilitat que s&#8217;inclouen en la documentaci\u00f3 del producte (com a funcions d&#8217;accessibilitat incorporades i funcions d&#8217;accessibilitat que brinden compatibilitat amb els productes de suport).<\/p>\n<p>UNEIX 12.2.3 Comunicaci\u00f3 efectiva. Els serveis de suport per a les TIC han d&#8217;adaptar-se a les necessitats de comunicaci\u00f3 de les persones amb discapacitat, ja sigui directament o a trav\u00e9s d&#8217;un punt de derivaci\u00f3.<\/p>\n<p>UNEIX 12.2.4 Documentaci\u00f3 accessible. La documentaci\u00f3 subministrada pels serveis de suport ha de proporcionar-se en almenys un dels formats electr\u00f2nics seg\u00fcents:<\/p>\n<p>a) un format web que estigui conforme amb els requisits.<br \/>b) un format no web que estigui conforme amb els requisits.<br \/>C\u00e0rrega desproporcionada. NO APLICA<\/p>\n<p>Preparaci\u00f3 de la present declaraci\u00f3 d&#8217;accessibilitat<\/p>\n<p>La present declaraci\u00f3 va ser preparada el 9 de octubre de 2023.<br \/>El m\u00e8tode emprat per a preparar la declaraci\u00f3 ha estat una autoavaluaci\u00f3 duta a terme per La Pera SCCL.<br \/>\u00daltima revisi\u00f3 de la declaraci\u00f3: 9 d&#8217;octubre de 2023.<br \/>Observacions i dades de contacte<\/p>\n<p>Pot realitzar comunicacions sobre requisits d&#8217;accessibilitat (article 10.2.a) del RD 1112\/2018) com, per exemple:<\/p>\n<p>Informar sobre qualsevol possible incompliment per part d&#8217;aquest lloc web<br \/>Transmetre altres dificultats d&#8217;acc\u00e9s al contingut.<br \/>Formular qualsevol altra consulta o suggeriment de millora relativa a l&#8217;accessibilitat del lloc web.<\/p>\n<p>A trav\u00e9s de l&#8217;email de contacte d&#8217;aquest lloc web: info@totambtu.com<\/p>\n<p>Pot presentar:<\/p>\n<p>una Queixa relativa al compliment dels requisits del RD 1112\/2018 o<br \/>una Sol\u00b7licitud d&#8217;Informaci\u00f3 accessible relativa a:<br \/>continguts que estan exclosos de l&#8217;\u00e0mbit d&#8217;aplicaci\u00f3 del RD 1112\/2018 segons el que s&#8217;estableix per l&#8217;article 3, apartat 4.<br \/>continguts que estan exempts del compliment dels requisits d&#8217;accessibilitat per imposar una c\u00e0rrega desproporcionada.<\/p>\n<p>En la Sol\u00b7licitud d&#8217;informaci\u00f3 accessible, s&#8217;ha de concretar, amb tota claredat, els fets, raons i petici\u00f3 que permetin constatar que es tracta d&#8217;una sol\u00b7licitud raonable i leg\u00edtima.<\/p>\n<p>[\/et_pb_text][\/et_pb_column][\/et_pb_row][\/et_pb_section]<\/p>\n","protected":false},"excerpt":{"rendered":"<p>Declaraci\u00f3 d&#8217;accessibilitatASSOCIACIO AMB TU, Acompanyament Terap\u00e8utic Catalunya s&#8217;ha comprom\u00e8s a fer accessible el seu lloc web, de conformitat amb el Reial decret 1112\/2018, de 7 de setembre, sobre accessibilitat dels llocs web i aplicacions per a dispositius m\u00f2bils del sector p\u00fablic.La present declaraci\u00f3 d&#8217;accessibilitat s&#8217;aplica al lloc web https:\/\/totambtu.comSituaci\u00f3 de compliment Aquest lloc web \u00e9s [&hellip;]<\/p>\n","protected":false},"author":1,"featured_media":0,"parent":0,"menu_order":0,"comment_status":"closed","ping_status":"open","template":"","meta":{"_et_pb_use_builder":"on","_et_pb_old_content":"","_et_gb_content_width":"","footnotes":""},"class_list":["post-705","page","type-page","status-publish","hentry"],"yoast_head":"<!-- This site is optimized with the Yoast SEO plugin v27.4 - https:\/\/yoast.com\/product\/yoast-seo-wordpress\/ -->\n<title>Declaraci\u00f3 d&#039;accessibilitat - Tot amb tu<\/title>\n<meta name=\"robots\" content=\"index, follow, max-snippet:-1, max-image-preview:large, max-video-preview:-1\" \/>\n<link rel=\"canonical\" href=\"https:\/\/totambtu.com\/ca\/declaracio-daccessibilitat\/\" \/>\n<meta property=\"og:locale\" content=\"ca_ES\" \/>\n<meta property=\"og:type\" content=\"article\" \/>\n<meta property=\"og:title\" content=\"Declaraci\u00f3 d&#039;accessibilitat - Tot amb tu\" \/>\n<meta property=\"og:description\" content=\"Declaraci\u00f3 d&#039;accessibilitatASSOCIACIO AMB TU, Acompanyament Terap\u00e8utic Catalunya s&#039;ha comprom\u00e8s a fer accessible el seu lloc web, de conformitat amb el Reial decret 1112\/2018, de 7 de setembre, sobre accessibilitat dels llocs web i aplicacions per a dispositius m\u00f2bils del sector p\u00fablic.La present declaraci\u00f3 d&#039;accessibilitat s&#039;aplica al lloc web https:\/\/totambtu.comSituaci\u00f3 de compliment Aquest lloc web \u00e9s [&hellip;]\" \/>\n<meta property=\"og:url\" content=\"https:\/\/totambtu.com\/ca\/declaracio-daccessibilitat\/\" \/>\n<meta property=\"og:site_name\" content=\"Tot amb tu\" \/>\n<meta property=\"article:modified_time\" content=\"2024-03-12T08:34:20+00:00\" \/>\n<meta name=\"twitter:card\" content=\"summary_large_image\" \/>\n<meta name=\"twitter:label1\" content=\"Temps estimat de lectura\" \/>\n\t<meta name=\"twitter:data1\" content=\"5 minuts\" \/>\n<script type=\"application\/ld+json\" class=\"yoast-schema-graph\">{\"@context\":\"https:\\\/\\\/schema.org\",\"@graph\":[{\"@type\":\"WebPage\",\"@id\":\"https:\\\/\\\/totambtu.com\\\/ca\\\/declaracio-daccessibilitat\\\/\",\"url\":\"https:\\\/\\\/totambtu.com\\\/ca\\\/declaracio-daccessibilitat\\\/\",\"name\":\"Declaraci\u00f3 d'accessibilitat - Tot amb tu\",\"isPartOf\":{\"@id\":\"https:\\\/\\\/totambtu.com\\\/ca\\\/#website\"},\"datePublished\":\"2023-10-09T10:40:10+00:00\",\"dateModified\":\"2024-03-12T08:34:20+00:00\",\"breadcrumb\":{\"@id\":\"https:\\\/\\\/totambtu.com\\\/ca\\\/declaracio-daccessibilitat\\\/#breadcrumb\"},\"inLanguage\":\"ca\",\"potentialAction\":[{\"@type\":\"ReadAction\",\"target\":[\"https:\\\/\\\/totambtu.com\\\/ca\\\/declaracio-daccessibilitat\\\/\"]}]},{\"@type\":\"BreadcrumbList\",\"@id\":\"https:\\\/\\\/totambtu.com\\\/ca\\\/declaracio-daccessibilitat\\\/#breadcrumb\",\"itemListElement\":[{\"@type\":\"ListItem\",\"position\":1,\"name\":\"Portada\",\"item\":\"https:\\\/\\\/totambtu.com\\\/ca\\\/\"},{\"@type\":\"ListItem\",\"position\":2,\"name\":\"Declaraci\u00f3 d&#8217;accessibilitat\"}]},{\"@type\":\"WebSite\",\"@id\":\"https:\\\/\\\/totambtu.com\\\/ca\\\/#website\",\"url\":\"https:\\\/\\\/totambtu.com\\\/ca\\\/\",\"name\":\"Tot amb tu\",\"description\":\"Acompanyament terap\u00e8utic Catalunya\",\"potentialAction\":[{\"@type\":\"SearchAction\",\"target\":{\"@type\":\"EntryPoint\",\"urlTemplate\":\"https:\\\/\\\/totambtu.com\\\/ca\\\/?s={search_term_string}\"},\"query-input\":{\"@type\":\"PropertyValueSpecification\",\"valueRequired\":true,\"valueName\":\"search_term_string\"}}],\"inLanguage\":\"ca\"}]}<\/script>\n<!-- \/ Yoast SEO plugin. -->","yoast_head_json":{"title":"Declaraci\u00f3 d'accessibilitat - Tot amb tu","robots":{"index":"index","follow":"follow","max-snippet":"max-snippet:-1","max-image-preview":"max-image-preview:large","max-video-preview":"max-video-preview:-1"},"canonical":"https:\/\/totambtu.com\/ca\/declaracio-daccessibilitat\/","og_locale":"ca_ES","og_type":"article","og_title":"Declaraci\u00f3 d'accessibilitat - Tot amb tu","og_description":"Declaraci\u00f3 d'accessibilitatASSOCIACIO AMB TU, Acompanyament Terap\u00e8utic Catalunya s'ha comprom\u00e8s a fer accessible el seu lloc web, de conformitat amb el Reial decret 1112\/2018, de 7 de setembre, sobre accessibilitat dels llocs web i aplicacions per a dispositius m\u00f2bils del sector p\u00fablic.La present declaraci\u00f3 d'accessibilitat s'aplica al lloc web https:\/\/totambtu.comSituaci\u00f3 de compliment Aquest lloc web \u00e9s [&hellip;]","og_url":"https:\/\/totambtu.com\/ca\/declaracio-daccessibilitat\/","og_site_name":"Tot amb tu","article_modified_time":"2024-03-12T08:34:20+00:00","twitter_card":"summary_large_image","twitter_misc":{"Temps estimat de lectura":"5 minuts"},"schema":{"@context":"https:\/\/schema.org","@graph":[{"@type":"WebPage","@id":"https:\/\/totambtu.com\/ca\/declaracio-daccessibilitat\/","url":"https:\/\/totambtu.com\/ca\/declaracio-daccessibilitat\/","name":"Declaraci\u00f3 d'accessibilitat - Tot amb tu","isPartOf":{"@id":"https:\/\/totambtu.com\/ca\/#website"},"datePublished":"2023-10-09T10:40:10+00:00","dateModified":"2024-03-12T08:34:20+00:00","breadcrumb":{"@id":"https:\/\/totambtu.com\/ca\/declaracio-daccessibilitat\/#breadcrumb"},"inLanguage":"ca","potentialAction":[{"@type":"ReadAction","target":["https:\/\/totambtu.com\/ca\/declaracio-daccessibilitat\/"]}]},{"@type":"BreadcrumbList","@id":"https:\/\/totambtu.com\/ca\/declaracio-daccessibilitat\/#breadcrumb","itemListElement":[{"@type":"ListItem","position":1,"name":"Portada","item":"https:\/\/totambtu.com\/ca\/"},{"@type":"ListItem","position":2,"name":"Declaraci\u00f3 d&#8217;accessibilitat"}]},{"@type":"WebSite","@id":"https:\/\/totambtu.com\/ca\/#website","url":"https:\/\/totambtu.com\/ca\/","name":"Tot amb tu","description":"Acompanyament terap\u00e8utic Catalunya","potentialAction":[{"@type":"SearchAction","target":{"@type":"EntryPoint","urlTemplate":"https:\/\/totambtu.com\/ca\/?s={search_term_string}"},"query-input":{"@type":"PropertyValueSpecification","valueRequired":true,"valueName":"search_term_string"}}],"inLanguage":"ca"}]}},"_links":{"self":[{"href":"https:\/\/totambtu.com\/ca\/wp-json\/wp\/v2\/pages\/705","targetHints":{"allow":["GET"]}}],"collection":[{"href":"https:\/\/totambtu.com\/ca\/wp-json\/wp\/v2\/pages"}],"about":[{"href":"https:\/\/totambtu.com\/ca\/wp-json\/wp\/v2\/types\/page"}],"author":[{"embeddable":true,"href":"https:\/\/totambtu.com\/ca\/wp-json\/wp\/v2\/users\/1"}],"replies":[{"embeddable":true,"href":"https:\/\/totambtu.com\/ca\/wp-json\/wp\/v2\/comments?post=705"}],"version-history":[{"count":5,"href":"https:\/\/totambtu.com\/ca\/wp-json\/wp\/v2\/pages\/705\/revisions"}],"predecessor-version":[{"id":710,"href":"https:\/\/totambtu.com\/ca\/wp-json\/wp\/v2\/pages\/705\/revisions\/710"}],"wp:attachment":[{"href":"https:\/\/totambtu.com\/ca\/wp-json\/wp\/v2\/media?parent=705"}],"curies":[{"name":"wp","href":"https:\/\/api.w.org\/{rel}","templated":true}]}}