{"id":669,"date":"2023-11-17T16:59:29","date_gmt":"2023-11-17T16:59:29","guid":{"rendered":"https:\/\/totambtu.com\/activitats\/activitats-espai-dintercanvi-i-acompanyament-familiar\/"},"modified":"2024-03-12T07:47:36","modified_gmt":"2024-03-12T07:47:36","slug":"activitats-espai-dintercanvi-i-acompanyament-familiar","status":"publish","type":"page","link":"https:\/\/totambtu.com\/ca\/activitats\/activitats-espai-dintercanvi-i-acompanyament-familiar\/","title":{"rendered":"Activitats: Espai d&#8217;intercanvi i acompanyament familiar"},"content":{"rendered":"<p>[et_pb_section fb_built=&#8221;1&#8243; module_class=&#8221;gradient-1&#8243; _builder_version=&#8221;4.22.1&#8243; _module_preset=&#8221;default&#8221; use_background_color_gradient=&#8221;on&#8221; background_color_gradient_direction=&#8221;156deg&#8221; background_color_gradient_stops=&#8221;#ee760d 0%|#ea504d 58%|#6a5aa3 100%&#8221; custom_padding=&#8221;80px||80px||false|false&#8221; locked=&#8221;off&#8221; global_colors_info=&#8221;{}&#8221;][et_pb_row _builder_version=&#8221;4.21.0&#8243; _module_preset=&#8221;default&#8221; global_colors_info=&#8221;{}&#8221;][et_pb_column type=&#8221;4_4&#8243; _builder_version=&#8221;4.21.0&#8243; _module_preset=&#8221;default&#8221; global_colors_info=&#8221;{}&#8221;][et_pb_text _builder_version=&#8221;4.22.1&#8243; _module_preset=&#8221;default&#8221; header_text_color=&#8221;#FFFFFF&#8221; global_colors_info=&#8221;{}&#8221;]<\/p>\n<h1>Activitats: Espai d&#8217;intercanvi i acompanyament familiar<\/h1>\n<p>[\/et_pb_text][\/et_pb_column][\/et_pb_row][\/et_pb_section][et_pb_section fb_built=&#8221;1&#8243; _builder_version=&#8221;4.22.1&#8243; _module_preset=&#8221;default&#8221; global_colors_info=&#8221;{}&#8221;][et_pb_row column_structure=&#8221;1_2,1_2&#8243; _builder_version=&#8221;4.22.1&#8243; _module_preset=&#8221;default&#8221; locked=&#8221;off&#8221; global_colors_info=&#8221;{}&#8221;][et_pb_column type=&#8221;1_2&#8243; _builder_version=&#8221;4.22.1&#8243; _module_preset=&#8221;default&#8221; background_color=&#8221;#feefea&#8221; global_colors_info=&#8221;{}&#8221;][et_pb_image src=&#8221;https:\/\/totambtu.com\/wp-content\/uploads\/totambtu-soporte-familiar.svg&#8221; title_text=&#8221;totambtu-soporte-familiar&#8221; _builder_version=&#8221;4.22.1&#8243; _module_preset=&#8221;default&#8221; background_enable_color=&#8221;off&#8221; max_width=&#8221;240px&#8221; module_alignment=&#8221;center&#8221; hover_enabled=&#8221;0&#8243; global_colors_info=&#8221;{}&#8221; custom_padding=&#8221;30px||30px||false|false&#8221; show_bottom_space=&#8221;off&#8221; sticky_enabled=&#8221;0&#8243;][\/et_pb_image][\/et_pb_column][et_pb_column type=&#8221;1_2&#8243; _builder_version=&#8221;4.22.1&#8243; _module_preset=&#8221;default&#8221; global_colors_info=&#8221;{}&#8221;][et_pb_text _builder_version=&#8221;4.22.1&#8243; _module_preset=&#8221;default&#8221; header_2_line_height=&#8221;1.2em&#8221; header_3_line_height=&#8221;1.3em&#8221; custom_padding=&#8221;||0px||false|false&#8221; global_colors_info=&#8221;{}&#8221;]<\/p>\n<h2>Espai d&#8217;intercanvi i acompanyament familiar<\/h2>\n<p>Cercle \u00abentre iguals\u00bb on expressar-se en confian\u00e7a i dialogar amb total confidencialitat, organitzat per professionals de la psicologia i el coach sist\u00e8mic.<\/p>\n<p>&nbsp;<\/p>\n<p>[\/et_pb_text][\/et_pb_column][\/et_pb_row][et_pb_row _builder_version=&#8221;4.22.1&#8243; _module_preset=&#8221;default&#8221; global_colors_info=&#8221;{}&#8221;][et_pb_column type=&#8221;4_4&#8243; _builder_version=&#8221;4.22.1&#8243; _module_preset=&#8221;default&#8221; global_colors_info=&#8221;{}&#8221;][et_pb_text _builder_version=&#8221;4.22.1&#8243; _module_preset=&#8221;default&#8221; global_colors_info=&#8221;{}&#8221;]<\/p>\n<p>Et convidem que ens contactis per a con\u00e8ixer les activitats que facilitem actualment i la disponibilitat de places.<\/p>\n<p>Et convidem que <a href=\"https:\/\/www.instagram.com\/totambtu\/\" target=\"_blank\" rel=\"noopener\">ens segueixis en instagram<\/a> o ens deixis les teves dades en l&#8217;apartat de contacte i et mantindrem al corrent de les novetats de cada trimestre. Tamb\u00e9 pots explicar-nos els teus interessos i els tindrem en consideraci\u00f3 per a futures programacions.<\/p>\n<p>[\/et_pb_text][et_pb_button button_url=&#8221;@ET-DC@eyJkeW5hbWljIjp0cnVlLCJjb250ZW50IjoicG9zdF9saW5rX3VybF9wYWdlIiwic2V0dGluZ3MiOnsicG9zdF9pZCI6IjMxOSJ9fQ==@&#8221; button_text=&#8221;Contacta&#039;ns&#8221; button_alignment=&#8221;center&#8221; _builder_version=&#8221;4.22.1&#8243; _dynamic_attributes=&#8221;button_url&#8221; _module_preset=&#8221;default&#8221; custom_button=&#8221;on&#8221; button_text_color=&#8221;#FFFFFF&#8221; button_bg_color=&#8221;#ee760b&#8221; button_border_width=&#8221;0px&#8221; button_use_icon=&#8221;off&#8221; custom_margin=&#8221;40px||||false|false&#8221; locked=&#8221;off&#8221; global_colors_info=&#8221;{}&#8221;][\/et_pb_button][\/et_pb_column][\/et_pb_row][\/et_pb_section]<\/p>\n","protected":false},"excerpt":{"rendered":"<p>Activitats: Espai d&#8217;intercanvi i acompanyament familiarEspai d&#8217;intercanvi i acompanyament familiar Cercle \u00abentre iguals\u00bb on expressar-se en confian\u00e7a i dialogar amb total confidencialitat, organitzat per professionals de la psicologia i el coach sist\u00e8mic. &nbsp;Et convidem que ens contactis per a con\u00e8ixer les activitats que facilitem actualment i la disponibilitat de places. Et convidem que ens segueixis [&hellip;]<\/p>\n","protected":false},"author":1,"featured_media":0,"parent":650,"menu_order":0,"comment_status":"closed","ping_status":"closed","template":"","meta":{"_et_pb_use_builder":"on","_et_pb_old_content":"","_et_gb_content_width":"","footnotes":""},"class_list":["post-669","page","type-page","status-publish","hentry"],"yoast_head":"<!-- This site is optimized with the Yoast SEO plugin v27.4 - https:\/\/yoast.com\/product\/yoast-seo-wordpress\/ -->\n<title>Activitats: Espai d&#039;intercanvi i acompanyament familiar - Tot amb tu<\/title>\n<meta name=\"robots\" content=\"index, follow, max-snippet:-1, max-image-preview:large, max-video-preview:-1\" \/>\n<link rel=\"canonical\" href=\"https:\/\/totambtu.com\/ca\/activitats\/activitats-espai-dintercanvi-i-acompanyament-familiar\/\" \/>\n<meta property=\"og:locale\" content=\"ca_ES\" \/>\n<meta property=\"og:type\" content=\"article\" \/>\n<meta property=\"og:title\" content=\"Activitats: Espai d&#039;intercanvi i acompanyament familiar - Tot amb tu\" \/>\n<meta property=\"og:description\" content=\"Activitats: Espai d&#039;intercanvi i acompanyament familiarEspai d&#039;intercanvi i acompanyament familiar Cercle \u00abentre iguals\u00bb on expressar-se en confian\u00e7a i dialogar amb total confidencialitat, organitzat per professionals de la psicologia i el coach sist\u00e8mic. &nbsp;Et convidem que ens contactis per a con\u00e8ixer les activitats que facilitem actualment i la disponibilitat de places. Et convidem que ens segueixis [&hellip;]\" \/>\n<meta property=\"og:url\" content=\"https:\/\/totambtu.com\/ca\/activitats\/activitats-espai-dintercanvi-i-acompanyament-familiar\/\" \/>\n<meta property=\"og:site_name\" content=\"Tot amb tu\" \/>\n<meta property=\"article:modified_time\" content=\"2024-03-12T07:47:36+00:00\" \/>\n<meta name=\"twitter:card\" content=\"summary_large_image\" \/>\n<meta name=\"twitter:label1\" content=\"Temps estimat de lectura\" \/>\n\t<meta name=\"twitter:data1\" content=\"2 minuts\" \/>\n<script type=\"application\/ld+json\" class=\"yoast-schema-graph\">{\"@context\":\"https:\\\/\\\/schema.org\",\"@graph\":[{\"@type\":\"WebPage\",\"@id\":\"https:\\\/\\\/totambtu.com\\\/ca\\\/activitats\\\/activitats-espai-dintercanvi-i-acompanyament-familiar\\\/\",\"url\":\"https:\\\/\\\/totambtu.com\\\/ca\\\/activitats\\\/activitats-espai-dintercanvi-i-acompanyament-familiar\\\/\",\"name\":\"Activitats: Espai d'intercanvi i acompanyament familiar - Tot amb tu\",\"isPartOf\":{\"@id\":\"https:\\\/\\\/totambtu.com\\\/ca\\\/#website\"},\"datePublished\":\"2023-11-17T16:59:29+00:00\",\"dateModified\":\"2024-03-12T07:47:36+00:00\",\"breadcrumb\":{\"@id\":\"https:\\\/\\\/totambtu.com\\\/ca\\\/activitats\\\/activitats-espai-dintercanvi-i-acompanyament-familiar\\\/#breadcrumb\"},\"inLanguage\":\"ca\",\"potentialAction\":[{\"@type\":\"ReadAction\",\"target\":[\"https:\\\/\\\/totambtu.com\\\/ca\\\/activitats\\\/activitats-espai-dintercanvi-i-acompanyament-familiar\\\/\"]}]},{\"@type\":\"BreadcrumbList\",\"@id\":\"https:\\\/\\\/totambtu.com\\\/ca\\\/activitats\\\/activitats-espai-dintercanvi-i-acompanyament-familiar\\\/#breadcrumb\",\"itemListElement\":[{\"@type\":\"ListItem\",\"position\":1,\"name\":\"Portada\",\"item\":\"https:\\\/\\\/totambtu.com\\\/ca\\\/\"},{\"@type\":\"ListItem\",\"position\":2,\"name\":\"Activitats\",\"item\":\"https:\\\/\\\/totambtu.com\\\/ca\\\/actividades\\\/\"},{\"@type\":\"ListItem\",\"position\":3,\"name\":\"Activitats: Espai d&#8217;intercanvi i acompanyament familiar\"}]},{\"@type\":\"WebSite\",\"@id\":\"https:\\\/\\\/totambtu.com\\\/ca\\\/#website\",\"url\":\"https:\\\/\\\/totambtu.com\\\/ca\\\/\",\"name\":\"Tot amb tu\",\"description\":\"Acompanyament terap\u00e8utic Catalunya\",\"potentialAction\":[{\"@type\":\"SearchAction\",\"target\":{\"@type\":\"EntryPoint\",\"urlTemplate\":\"https:\\\/\\\/totambtu.com\\\/ca\\\/?s={search_term_string}\"},\"query-input\":{\"@type\":\"PropertyValueSpecification\",\"valueRequired\":true,\"valueName\":\"search_term_string\"}}],\"inLanguage\":\"ca\"}]}<\/script>\n<!-- \/ Yoast SEO plugin. -->","yoast_head_json":{"title":"Activitats: Espai d'intercanvi i acompanyament familiar - Tot amb tu","robots":{"index":"index","follow":"follow","max-snippet":"max-snippet:-1","max-image-preview":"max-image-preview:large","max-video-preview":"max-video-preview:-1"},"canonical":"https:\/\/totambtu.com\/ca\/activitats\/activitats-espai-dintercanvi-i-acompanyament-familiar\/","og_locale":"ca_ES","og_type":"article","og_title":"Activitats: Espai d'intercanvi i acompanyament familiar - Tot amb tu","og_description":"Activitats: Espai d'intercanvi i acompanyament familiarEspai d'intercanvi i acompanyament familiar Cercle \u00abentre iguals\u00bb on expressar-se en confian\u00e7a i dialogar amb total confidencialitat, organitzat per professionals de la psicologia i el coach sist\u00e8mic. &nbsp;Et convidem que ens contactis per a con\u00e8ixer les activitats que facilitem actualment i la disponibilitat de places. Et convidem que ens segueixis [&hellip;]","og_url":"https:\/\/totambtu.com\/ca\/activitats\/activitats-espai-dintercanvi-i-acompanyament-familiar\/","og_site_name":"Tot amb tu","article_modified_time":"2024-03-12T07:47:36+00:00","twitter_card":"summary_large_image","twitter_misc":{"Temps estimat de lectura":"2 minuts"},"schema":{"@context":"https:\/\/schema.org","@graph":[{"@type":"WebPage","@id":"https:\/\/totambtu.com\/ca\/activitats\/activitats-espai-dintercanvi-i-acompanyament-familiar\/","url":"https:\/\/totambtu.com\/ca\/activitats\/activitats-espai-dintercanvi-i-acompanyament-familiar\/","name":"Activitats: Espai d'intercanvi i acompanyament familiar - Tot amb tu","isPartOf":{"@id":"https:\/\/totambtu.com\/ca\/#website"},"datePublished":"2023-11-17T16:59:29+00:00","dateModified":"2024-03-12T07:47:36+00:00","breadcrumb":{"@id":"https:\/\/totambtu.com\/ca\/activitats\/activitats-espai-dintercanvi-i-acompanyament-familiar\/#breadcrumb"},"inLanguage":"ca","potentialAction":[{"@type":"ReadAction","target":["https:\/\/totambtu.com\/ca\/activitats\/activitats-espai-dintercanvi-i-acompanyament-familiar\/"]}]},{"@type":"BreadcrumbList","@id":"https:\/\/totambtu.com\/ca\/activitats\/activitats-espai-dintercanvi-i-acompanyament-familiar\/#breadcrumb","itemListElement":[{"@type":"ListItem","position":1,"name":"Portada","item":"https:\/\/totambtu.com\/ca\/"},{"@type":"ListItem","position":2,"name":"Activitats","item":"https:\/\/totambtu.com\/ca\/actividades\/"},{"@type":"ListItem","position":3,"name":"Activitats: Espai d&#8217;intercanvi i acompanyament familiar"}]},{"@type":"WebSite","@id":"https:\/\/totambtu.com\/ca\/#website","url":"https:\/\/totambtu.com\/ca\/","name":"Tot amb tu","description":"Acompanyament terap\u00e8utic Catalunya","potentialAction":[{"@type":"SearchAction","target":{"@type":"EntryPoint","urlTemplate":"https:\/\/totambtu.com\/ca\/?s={search_term_string}"},"query-input":{"@type":"PropertyValueSpecification","valueRequired":true,"valueName":"search_term_string"}}],"inLanguage":"ca"}]}},"_links":{"self":[{"href":"https:\/\/totambtu.com\/ca\/wp-json\/wp\/v2\/pages\/669","targetHints":{"allow":["GET"]}}],"collection":[{"href":"https:\/\/totambtu.com\/ca\/wp-json\/wp\/v2\/pages"}],"about":[{"href":"https:\/\/totambtu.com\/ca\/wp-json\/wp\/v2\/types\/page"}],"author":[{"embeddable":true,"href":"https:\/\/totambtu.com\/ca\/wp-json\/wp\/v2\/users\/1"}],"replies":[{"embeddable":true,"href":"https:\/\/totambtu.com\/ca\/wp-json\/wp\/v2\/comments?post=669"}],"version-history":[{"count":5,"href":"https:\/\/totambtu.com\/ca\/wp-json\/wp\/v2\/pages\/669\/revisions"}],"predecessor-version":[{"id":674,"href":"https:\/\/totambtu.com\/ca\/wp-json\/wp\/v2\/pages\/669\/revisions\/674"}],"up":[{"embeddable":true,"href":"https:\/\/totambtu.com\/ca\/wp-json\/wp\/v2\/pages\/650"}],"wp:attachment":[{"href":"https:\/\/totambtu.com\/ca\/wp-json\/wp\/v2\/media?parent=669"}],"curies":[{"name":"wp","href":"https:\/\/api.w.org\/{rel}","templated":true}]}}