{"id":644,"date":"2023-09-25T17:10:44","date_gmt":"2023-09-25T17:10:44","guid":{"rendered":"https:\/\/totambtu.com\/serveis\/unitats-de-convivencia\/"},"modified":"2024-03-12T07:37:11","modified_gmt":"2024-03-12T07:37:11","slug":"unitats-de-convivencia","status":"publish","type":"page","link":"https:\/\/totambtu.com\/ca\/serveis\/unitats-de-convivencia\/","title":{"rendered":"Unitats de conviv\u00e8ncia"},"content":{"rendered":"<p>[et_pb_section fb_built=&#8221;1&#8243; module_class=&#8221;gradient-1&#8243; _builder_version=&#8221;4.22.1&#8243; _module_preset=&#8221;default&#8221; use_background_color_gradient=&#8221;on&#8221; background_color_gradient_direction=&#8221;156deg&#8221; background_color_gradient_stops=&#8221;#ee760d 0%|#ea504d 58%|#6a5aa3 100%&#8221; custom_padding=&#8221;80px||80px||false|false&#8221; locked=&#8221;off&#8221; global_colors_info=&#8221;{}&#8221;][et_pb_row _builder_version=&#8221;4.21.0&#8243; _module_preset=&#8221;default&#8221; global_colors_info=&#8221;{}&#8221;][et_pb_column type=&#8221;4_4&#8243; _builder_version=&#8221;4.21.0&#8243; _module_preset=&#8221;default&#8221; global_colors_info=&#8221;{}&#8221;][et_pb_text _builder_version=&#8221;4.22.1&#8243; _module_preset=&#8221;default&#8221; header_text_color=&#8221;#FFFFFF&#8221; global_colors_info=&#8221;{}&#8221;]<\/p>\n<h1>Unitats de conviv\u00e8ncia<\/h1>\n<p>[\/et_pb_text][\/et_pb_column][\/et_pb_row][\/et_pb_section][et_pb_section fb_built=&#8221;1&#8243; _builder_version=&#8221;4.22.1&#8243; _module_preset=&#8221;default&#8221; global_colors_info=&#8221;{}&#8221;][et_pb_row _builder_version=&#8221;4.22.1&#8243; _module_preset=&#8221;default&#8221; global_colors_info=&#8221;{}&#8221;][et_pb_column type=&#8221;4_4&#8243; _builder_version=&#8221;4.22.1&#8243; _module_preset=&#8221;default&#8221; global_colors_info=&#8221;{}&#8221;][et_pb_text _builder_version=&#8221;4.22.1&#8243; _module_preset=&#8221;default&#8221; max_width=&#8221;750px&#8221; module_alignment=&#8221;center&#8221; custom_padding=&#8221;||0px|||&#8221; global_colors_info=&#8221;{}&#8221;]<\/p>\n<h2>Qu\u00e8 \u00e9s?<\/h2>\n<p>Oferim mitjan\u00e7ant un acompanyament personalitzat, la possibilitat de viure de la manera m\u00e9s aut\u00f2noma possible, centrant-nos en les necessitats, prefer\u00e8ncies, desitjos i possibilitats de les persones majors, persones amb diagn\u00f2stic en salut mental o amb diversitat f\u00edsica o intel\u00b7lectual.<\/p>\n<p>[\/et_pb_text][\/et_pb_column][\/et_pb_row][et_pb_row column_structure=&#8221;1_2,1_2&#8243; make_equal=&#8221;on&#8221; _builder_version=&#8221;4.22.1&#8243; _module_preset=&#8221;default&#8221; locked=&#8221;off&#8221; global_colors_info=&#8221;{}&#8221;][et_pb_column type=&#8221;1_2&#8243; _builder_version=&#8221;4.21.0&#8243; _module_preset=&#8221;default&#8221; background_image=&#8221;https:\/\/totambtu.com\/wp-content\/uploads\/circulo1.svg&#8221; background_size=&#8221;custom&#8221; background_image_width=&#8221;250px&#8221; background_position=&#8221;top_center&#8221; global_colors_info=&#8221;{}&#8221;][et_pb_image src=&#8221;https:\/\/totambtu.com\/wp-content\/uploads\/totambtu-unidades-convivencia.svg&#8221; title_text=&#8221;totambtu-unidades-convivencia&#8221; align=&#8221;center&#8221; _builder_version=&#8221;4.22.1&#8243; _module_preset=&#8221;default&#8221; max_height=&#8221;180px&#8221; custom_padding=&#8221;30px||24px||false|false&#8221; locked=&#8221;off&#8221; global_colors_info=&#8221;{}&#8221;][\/et_pb_image][et_pb_text _builder_version=&#8221;4.22.1&#8243; _module_preset=&#8221;default&#8221; max_width=&#8221;400px&#8221; module_alignment=&#8221;center&#8221; custom_padding=&#8221;||0px|||&#8221; global_colors_info=&#8221;{}&#8221;]<\/p>\n<p>Un pis de vida independent funciona com a alternativa a viure amb la fam\u00edlia o viure en una resid\u00e8ncia, possibilitant noves experi\u00e8ncies ajustades a les caracter\u00edstiques individuals i del petit grup de conviv\u00e8ncia.<\/p>\n<p>[\/et_pb_text][\/et_pb_column][et_pb_column type=&#8221;1_2&#8243; _builder_version=&#8221;4.21.0&#8243; _module_preset=&#8221;default&#8221; background_image=&#8221;https:\/\/totambtu.com\/wp-content\/uploads\/circulo1.svg&#8221; background_size=&#8221;custom&#8221; background_image_width=&#8221;250px&#8221; background_position=&#8221;top_center&#8221; global_colors_info=&#8221;{}&#8221;][et_pb_image src=&#8221;https:\/\/totambtu.com\/wp-content\/uploads\/totambtu-calidad-vida-2_1.svg&#8221; title_text=&#8221;totambtu-calidad-vida-2_1&#8243; align=&#8221;center&#8221; _builder_version=&#8221;4.22.1&#8243; _module_preset=&#8221;default&#8221; max_height=&#8221;180px&#8221; custom_padding=&#8221;30px||24px||false|false&#8221; global_colors_info=&#8221;{}&#8221;][\/et_pb_image][et_pb_text _builder_version=&#8221;4.22.1&#8243; _module_preset=&#8221;default&#8221; text_font=&#8221;|300|||||||&#8221; max_width=&#8221;400px&#8221; module_alignment=&#8221;center&#8221; global_colors_info=&#8221;{}&#8221;]<\/p>\n<p>Els pisos per a la vida independent tenen per objectiu principal incidir en l&#8217;autoestima, l&#8217;autonomia, la independ\u00e8ncia i potenciar la qualitat de vida.<\/p>\n<p>[\/et_pb_text][\/et_pb_column][\/et_pb_row][et_pb_row column_structure=&#8221;1_2,1_2&#8243; make_equal=&#8221;on&#8221; _builder_version=&#8221;4.22.1&#8243; _module_preset=&#8221;default&#8221; locked=&#8221;off&#8221; global_colors_info=&#8221;{}&#8221;][et_pb_column type=&#8221;1_2&#8243; _builder_version=&#8221;4.21.0&#8243; _module_preset=&#8221;default&#8221; background_image=&#8221;https:\/\/totambtu.com\/wp-content\/uploads\/circulo1.svg&#8221; background_size=&#8221;custom&#8221; background_image_width=&#8221;250px&#8221; background_position=&#8221;top_center&#8221; global_colors_info=&#8221;{}&#8221;][et_pb_image src=&#8221;https:\/\/totambtu.com\/wp-content\/uploads\/totambtu-home-02b.svg&#8221; title_text=&#8221;totambtu-home-02b&#8221; align=&#8221;center&#8221; _builder_version=&#8221;4.21.0&#8243; _module_preset=&#8221;default&#8221; max_height=&#8221;180px&#8221; custom_padding=&#8221;30px||24px||false|false&#8221; locked=&#8221;off&#8221; global_colors_info=&#8221;{}&#8221;][\/et_pb_image][et_pb_text _builder_version=&#8221;4.22.1&#8243; _module_preset=&#8221;default&#8221; max_width=&#8221;400px&#8221; module_alignment=&#8221;center&#8221; custom_padding=&#8221;||0px|||&#8221; global_colors_info=&#8221;{}&#8221;]<\/p>\n<p>Els grups de conviv\u00e8ncia es conformen d&#8217;acord amb les afinitats i compten amb un acompanyament dissenyat en funci\u00f3 de les necessitats grupals i individuals. L&#8217;acompanyament pot ser intermitent o intensiu, \u00e9s un servei per hores o dies, amb total flexibilitat per a adaptar-se a les caracter\u00edstiques de les persones que all\u00ed conviuen. Els horaris d&#8217;acompanyament poden ser di\u00fcrns i\/o nocturns.<\/p>\n<p>[\/et_pb_text][\/et_pb_column][et_pb_column type=&#8221;1_2&#8243; _builder_version=&#8221;4.21.0&#8243; _module_preset=&#8221;default&#8221; background_image=&#8221;https:\/\/totambtu.com\/wp-content\/uploads\/circulo1.svg&#8221; background_size=&#8221;custom&#8221; background_image_width=&#8221;250px&#8221; background_position=&#8221;top_center&#8221; global_colors_info=&#8221;{}&#8221;][et_pb_image src=&#8221;https:\/\/totambtu.com\/wp-content\/uploads\/totambtu-coaching.svg&#8221; title_text=&#8221;totambtu-coaching&#8221; align=&#8221;center&#8221; _builder_version=&#8221;4.22.1&#8243; _module_preset=&#8221;default&#8221; max_height=&#8221;180px&#8221; custom_padding=&#8221;30px||24px||false|false&#8221; global_colors_info=&#8221;{}&#8221;][\/et_pb_image][et_pb_text _builder_version=&#8221;4.22.1&#8243; _module_preset=&#8221;default&#8221; text_font=&#8221;|300|||||||&#8221; max_width=&#8221;400px&#8221; module_alignment=&#8221;center&#8221; global_colors_info=&#8221;{}&#8221;]<\/p>\n<p>La persona o l&#8217;equip d&#8217;acompanyants, segons el cas, que acompanya en els pisos de vida independent, ofereixen eines que faciliten la conviv\u00e8ncia, funcionant moltes vegades com a figura de mediaci\u00f3 que interv\u00e9 en la gesti\u00f3 de les emocions i conflictes i alhora s&#8217;ofereix assist\u00e8ncia amb les necessitats de la vida quotidiana.<\/p>\n<p>[\/et_pb_text][\/et_pb_column][\/et_pb_row][et_pb_row column_structure=&#8221;1_2,1_2&#8243; make_equal=&#8221;on&#8221; _builder_version=&#8221;4.22.1&#8243; _module_preset=&#8221;default&#8221; locked=&#8221;off&#8221; global_colors_info=&#8221;{}&#8221;][et_pb_column type=&#8221;1_2&#8243; _builder_version=&#8221;4.21.0&#8243; _module_preset=&#8221;default&#8221; background_image=&#8221;https:\/\/totambtu.com\/wp-content\/uploads\/circulo1.svg&#8221; background_size=&#8221;custom&#8221; background_image_width=&#8221;250px&#8221; background_position=&#8221;top_center&#8221; global_colors_info=&#8221;{}&#8221;][et_pb_image src=&#8221;https:\/\/totambtu.com\/wp-content\/uploads\/totambtu-home-03c.svg&#8221; title_text=&#8221;totambtu-home-03c&#8221; align=&#8221;center&#8221; _builder_version=&#8221;4.22.1&#8243; _module_preset=&#8221;default&#8221; max_height=&#8221;180px&#8221; custom_padding=&#8221;30px||24px||false|false&#8221; locked=&#8221;off&#8221; global_colors_info=&#8221;{}&#8221;][\/et_pb_image][et_pb_text _builder_version=&#8221;4.22.1&#8243; _module_preset=&#8221;default&#8221; max_width=&#8221;400px&#8221; module_alignment=&#8221;center&#8221; custom_padding=&#8221;||0px|||&#8221; global_colors_info=&#8221;{}&#8221;]<\/p>\n<p>Al costat de cada persona que accedeix al servei de pisos per a la vida independent, es dissenya un pla de treball individualitzat que facilita la incorporaci\u00f3 d&#8217;eines que potencien l&#8217;autonomia i la confian\u00e7a.<\/p>\n<p>[\/et_pb_text][\/et_pb_column][et_pb_column type=&#8221;1_2&#8243; _builder_version=&#8221;4.21.0&#8243; _module_preset=&#8221;default&#8221; background_image=&#8221;https:\/\/totambtu.com\/wp-content\/uploads\/circulo1.svg&#8221; background_size=&#8221;custom&#8221; background_image_width=&#8221;250px&#8221; background_position=&#8221;top_center&#8221; global_colors_info=&#8221;{}&#8221;][et_pb_image src=&#8221;https:\/\/totambtu.com\/wp-content\/uploads\/totambut-convivencia.svg&#8221; title_text=&#8221;totambut-convivencia&#8221; align=&#8221;center&#8221; _builder_version=&#8221;4.23.1&#8243; _module_preset=&#8221;default&#8221; max_height=&#8221;180px&#8221; custom_padding=&#8221;30px||24px||false|false&#8221; hover_enabled=&#8221;0&#8243; global_colors_info=&#8221;{}&#8221; sticky_enabled=&#8221;0&#8243;][\/et_pb_image][et_pb_text _builder_version=&#8221;4.22.1&#8243; _module_preset=&#8221;default&#8221; text_font=&#8221;|300|||||||&#8221; max_width=&#8221;400px&#8221; module_alignment=&#8221;center&#8221; global_colors_info=&#8221;{}&#8221;]<\/p>\n<p>A nivell grupal, es generen espais de trobada on es debaten les regles de conviv\u00e8ncia que millor s&#8217;ajustin i millor facilitin l&#8217;administraci\u00f3 de la llar.<\/p>\n<p>[\/et_pb_text][\/et_pb_column][\/et_pb_row][et_pb_row _builder_version=&#8221;4.22.1&#8243; _module_preset=&#8221;default&#8221; global_colors_info=&#8221;{}&#8221;][et_pb_column type=&#8221;4_4&#8243; _builder_version=&#8221;4.22.1&#8243; _module_preset=&#8221;default&#8221; global_colors_info=&#8221;{}&#8221;][et_pb_button button_url=&#8221;@ET-DC@eyJkeW5hbWljIjp0cnVlLCJjb250ZW50IjoicG9zdF9saW5rX3VybF9wYWdlIiwic2V0dGluZ3MiOnsicG9zdF9pZCI6IjMxOSJ9fQ==@&#8221; button_text=&#8221;Contacta&#039;ns&#8221; button_alignment=&#8221;center&#8221; _builder_version=&#8221;4.22.1&#8243; _dynamic_attributes=&#8221;button_url&#8221; _module_preset=&#8221;default&#8221; custom_button=&#8221;on&#8221; button_text_color=&#8221;#FFFFFF&#8221; button_bg_color=&#8221;#ee760b&#8221; button_border_width=&#8221;0px&#8221; button_use_icon=&#8221;off&#8221; custom_margin=&#8221;40px||||false|false&#8221; locked=&#8221;off&#8221; global_colors_info=&#8221;{}&#8221;][\/et_pb_button][\/et_pb_column][\/et_pb_row][\/et_pb_section]<\/p>\n","protected":false},"excerpt":{"rendered":"<p>Unitats de conviv\u00e8nciaQu\u00e8 \u00e9s? Oferim mitjan\u00e7ant un acompanyament personalitzat, la possibilitat de viure de la manera m\u00e9s aut\u00f2noma possible, centrant-nos en les necessitats, prefer\u00e8ncies, desitjos i possibilitats de les persones majors, persones amb diagn\u00f2stic en salut mental o amb diversitat f\u00edsica o intel\u00b7lectual.Un pis de vida independent funciona com a alternativa a viure amb la [&hellip;]<\/p>\n","protected":false},"author":1,"featured_media":0,"parent":614,"menu_order":0,"comment_status":"closed","ping_status":"closed","template":"","meta":{"_et_pb_use_builder":"on","_et_pb_old_content":"","_et_gb_content_width":"","footnotes":""},"class_list":["post-644","page","type-page","status-publish","hentry"],"yoast_head":"<!-- This site is optimized with the Yoast SEO plugin v27.4 - https:\/\/yoast.com\/product\/yoast-seo-wordpress\/ -->\n<title>Unitats de conviv\u00e8ncia - Tot amb tu<\/title>\n<meta name=\"robots\" content=\"index, follow, max-snippet:-1, max-image-preview:large, max-video-preview:-1\" \/>\n<link rel=\"canonical\" href=\"https:\/\/totambtu.com\/ca\/serveis\/unitats-de-convivencia\/\" \/>\n<meta property=\"og:locale\" content=\"ca_ES\" \/>\n<meta property=\"og:type\" content=\"article\" \/>\n<meta property=\"og:title\" content=\"Unitats de conviv\u00e8ncia - Tot amb tu\" \/>\n<meta property=\"og:description\" content=\"Unitats de conviv\u00e8nciaQu\u00e8 \u00e9s? Oferim mitjan\u00e7ant un acompanyament personalitzat, la possibilitat de viure de la manera m\u00e9s aut\u00f2noma possible, centrant-nos en les necessitats, prefer\u00e8ncies, desitjos i possibilitats de les persones majors, persones amb diagn\u00f2stic en salut mental o amb diversitat f\u00edsica o intel\u00b7lectual.Un pis de vida independent funciona com a alternativa a viure amb la [&hellip;]\" \/>\n<meta property=\"og:url\" content=\"https:\/\/totambtu.com\/ca\/serveis\/unitats-de-convivencia\/\" \/>\n<meta property=\"og:site_name\" content=\"Tot amb tu\" \/>\n<meta property=\"article:modified_time\" content=\"2024-03-12T07:37:11+00:00\" \/>\n<meta name=\"twitter:card\" content=\"summary_large_image\" \/>\n<meta name=\"twitter:label1\" content=\"Temps estimat de lectura\" \/>\n\t<meta name=\"twitter:data1\" content=\"6 minuts\" \/>\n<script type=\"application\/ld+json\" class=\"yoast-schema-graph\">{\"@context\":\"https:\\\/\\\/schema.org\",\"@graph\":[{\"@type\":\"WebPage\",\"@id\":\"https:\\\/\\\/totambtu.com\\\/ca\\\/serveis\\\/unitats-de-convivencia\\\/\",\"url\":\"https:\\\/\\\/totambtu.com\\\/ca\\\/serveis\\\/unitats-de-convivencia\\\/\",\"name\":\"Unitats de conviv\u00e8ncia - Tot amb tu\",\"isPartOf\":{\"@id\":\"https:\\\/\\\/totambtu.com\\\/ca\\\/#website\"},\"datePublished\":\"2023-09-25T17:10:44+00:00\",\"dateModified\":\"2024-03-12T07:37:11+00:00\",\"breadcrumb\":{\"@id\":\"https:\\\/\\\/totambtu.com\\\/ca\\\/serveis\\\/unitats-de-convivencia\\\/#breadcrumb\"},\"inLanguage\":\"ca\",\"potentialAction\":[{\"@type\":\"ReadAction\",\"target\":[\"https:\\\/\\\/totambtu.com\\\/ca\\\/serveis\\\/unitats-de-convivencia\\\/\"]}]},{\"@type\":\"BreadcrumbList\",\"@id\":\"https:\\\/\\\/totambtu.com\\\/ca\\\/serveis\\\/unitats-de-convivencia\\\/#breadcrumb\",\"itemListElement\":[{\"@type\":\"ListItem\",\"position\":1,\"name\":\"Portada\",\"item\":\"https:\\\/\\\/totambtu.com\\\/ca\\\/\"},{\"@type\":\"ListItem\",\"position\":2,\"name\":\"Serveis\",\"item\":\"https:\\\/\\\/totambtu.com\\\/ca\\\/servicios\\\/\"},{\"@type\":\"ListItem\",\"position\":3,\"name\":\"Unitats de conviv\u00e8ncia\"}]},{\"@type\":\"WebSite\",\"@id\":\"https:\\\/\\\/totambtu.com\\\/ca\\\/#website\",\"url\":\"https:\\\/\\\/totambtu.com\\\/ca\\\/\",\"name\":\"Tot amb tu\",\"description\":\"Acompanyament terap\u00e8utic Catalunya\",\"potentialAction\":[{\"@type\":\"SearchAction\",\"target\":{\"@type\":\"EntryPoint\",\"urlTemplate\":\"https:\\\/\\\/totambtu.com\\\/ca\\\/?s={search_term_string}\"},\"query-input\":{\"@type\":\"PropertyValueSpecification\",\"valueRequired\":true,\"valueName\":\"search_term_string\"}}],\"inLanguage\":\"ca\"}]}<\/script>\n<!-- \/ Yoast SEO plugin. -->","yoast_head_json":{"title":"Unitats de conviv\u00e8ncia - Tot amb tu","robots":{"index":"index","follow":"follow","max-snippet":"max-snippet:-1","max-image-preview":"max-image-preview:large","max-video-preview":"max-video-preview:-1"},"canonical":"https:\/\/totambtu.com\/ca\/serveis\/unitats-de-convivencia\/","og_locale":"ca_ES","og_type":"article","og_title":"Unitats de conviv\u00e8ncia - Tot amb tu","og_description":"Unitats de conviv\u00e8nciaQu\u00e8 \u00e9s? Oferim mitjan\u00e7ant un acompanyament personalitzat, la possibilitat de viure de la manera m\u00e9s aut\u00f2noma possible, centrant-nos en les necessitats, prefer\u00e8ncies, desitjos i possibilitats de les persones majors, persones amb diagn\u00f2stic en salut mental o amb diversitat f\u00edsica o intel\u00b7lectual.Un pis de vida independent funciona com a alternativa a viure amb la [&hellip;]","og_url":"https:\/\/totambtu.com\/ca\/serveis\/unitats-de-convivencia\/","og_site_name":"Tot amb tu","article_modified_time":"2024-03-12T07:37:11+00:00","twitter_card":"summary_large_image","twitter_misc":{"Temps estimat de lectura":"6 minuts"},"schema":{"@context":"https:\/\/schema.org","@graph":[{"@type":"WebPage","@id":"https:\/\/totambtu.com\/ca\/serveis\/unitats-de-convivencia\/","url":"https:\/\/totambtu.com\/ca\/serveis\/unitats-de-convivencia\/","name":"Unitats de conviv\u00e8ncia - Tot amb tu","isPartOf":{"@id":"https:\/\/totambtu.com\/ca\/#website"},"datePublished":"2023-09-25T17:10:44+00:00","dateModified":"2024-03-12T07:37:11+00:00","breadcrumb":{"@id":"https:\/\/totambtu.com\/ca\/serveis\/unitats-de-convivencia\/#breadcrumb"},"inLanguage":"ca","potentialAction":[{"@type":"ReadAction","target":["https:\/\/totambtu.com\/ca\/serveis\/unitats-de-convivencia\/"]}]},{"@type":"BreadcrumbList","@id":"https:\/\/totambtu.com\/ca\/serveis\/unitats-de-convivencia\/#breadcrumb","itemListElement":[{"@type":"ListItem","position":1,"name":"Portada","item":"https:\/\/totambtu.com\/ca\/"},{"@type":"ListItem","position":2,"name":"Serveis","item":"https:\/\/totambtu.com\/ca\/servicios\/"},{"@type":"ListItem","position":3,"name":"Unitats de conviv\u00e8ncia"}]},{"@type":"WebSite","@id":"https:\/\/totambtu.com\/ca\/#website","url":"https:\/\/totambtu.com\/ca\/","name":"Tot amb tu","description":"Acompanyament terap\u00e8utic Catalunya","potentialAction":[{"@type":"SearchAction","target":{"@type":"EntryPoint","urlTemplate":"https:\/\/totambtu.com\/ca\/?s={search_term_string}"},"query-input":{"@type":"PropertyValueSpecification","valueRequired":true,"valueName":"search_term_string"}}],"inLanguage":"ca"}]}},"_links":{"self":[{"href":"https:\/\/totambtu.com\/ca\/wp-json\/wp\/v2\/pages\/644","targetHints":{"allow":["GET"]}}],"collection":[{"href":"https:\/\/totambtu.com\/ca\/wp-json\/wp\/v2\/pages"}],"about":[{"href":"https:\/\/totambtu.com\/ca\/wp-json\/wp\/v2\/types\/page"}],"author":[{"embeddable":true,"href":"https:\/\/totambtu.com\/ca\/wp-json\/wp\/v2\/users\/1"}],"replies":[{"embeddable":true,"href":"https:\/\/totambtu.com\/ca\/wp-json\/wp\/v2\/comments?post=644"}],"version-history":[{"count":5,"href":"https:\/\/totambtu.com\/ca\/wp-json\/wp\/v2\/pages\/644\/revisions"}],"predecessor-version":[{"id":649,"href":"https:\/\/totambtu.com\/ca\/wp-json\/wp\/v2\/pages\/644\/revisions\/649"}],"up":[{"embeddable":true,"href":"https:\/\/totambtu.com\/ca\/wp-json\/wp\/v2\/pages\/614"}],"wp:attachment":[{"href":"https:\/\/totambtu.com\/ca\/wp-json\/wp\/v2\/media?parent=644"}],"curies":[{"name":"wp","href":"https:\/\/api.w.org\/{rel}","templated":true}]}}