{"id":632,"date":"2023-09-25T17:06:43","date_gmt":"2023-09-25T17:06:43","guid":{"rendered":"https:\/\/totambtu.com\/serveis\/suport-i-assistencia-domiciliaria-a-prop\/"},"modified":"2024-03-12T07:33:26","modified_gmt":"2024-03-12T07:33:26","slug":"suport-i-assistencia-domiciliaria-a-prop","status":"publish","type":"page","link":"https:\/\/totambtu.com\/ca\/serveis\/suport-i-assistencia-domiciliaria-a-prop\/","title":{"rendered":"Suport i assist\u00e8ncia domicili\u00e0ria \u2013 A Prop"},"content":{"rendered":"<p>[et_pb_section fb_built=&#8221;1&#8243; module_class=&#8221;gradient-1&#8243; _builder_version=&#8221;4.22.1&#8243; _module_preset=&#8221;default&#8221; use_background_color_gradient=&#8221;on&#8221; background_color_gradient_direction=&#8221;156deg&#8221; background_color_gradient_stops=&#8221;#ee760d 0%|#ea504d 58%|#6a5aa3 100%&#8221; custom_padding=&#8221;80px||80px||false|false&#8221; locked=&#8221;off&#8221; global_colors_info=&#8221;{}&#8221;][et_pb_row _builder_version=&#8221;4.21.0&#8243; _module_preset=&#8221;default&#8221; global_colors_info=&#8221;{}&#8221;][et_pb_column type=&#8221;4_4&#8243; _builder_version=&#8221;4.21.0&#8243; _module_preset=&#8221;default&#8221; global_colors_info=&#8221;{}&#8221;][et_pb_text _builder_version=&#8221;4.22.1&#8243; _module_preset=&#8221;default&#8221; header_text_color=&#8221;#FFFFFF&#8221; global_colors_info=&#8221;{}&#8221;]<\/p>\n<h1>Suport i assist\u00e8ncia domicili\u00e0ria \u2013 A Prop<\/h1>\n<p>[\/et_pb_text][\/et_pb_column][\/et_pb_row][\/et_pb_section][et_pb_section fb_built=&#8221;1&#8243; _builder_version=&#8221;4.22.1&#8243; _module_preset=&#8221;default&#8221; global_colors_info=&#8221;{}&#8221;][et_pb_row _builder_version=&#8221;4.22.1&#8243; _module_preset=&#8221;default&#8221; global_colors_info=&#8221;{}&#8221;][et_pb_column type=&#8221;4_4&#8243; _builder_version=&#8221;4.22.1&#8243; _module_preset=&#8221;default&#8221; global_colors_info=&#8221;{}&#8221;][et_pb_image src=&#8221;https:\/\/totambtu.com\/wp-content\/uploads\/logo-a-prop-color.svg&#8221; title_text=&#8221;logo-a-prop-color&#8221; _builder_version=&#8221;4.22.1&#8243; _module_preset=&#8221;default&#8221; max_width=&#8221;140px&#8221; module_alignment=&#8221;left&#8221; global_colors_info=&#8221;{}&#8221;][\/et_pb_image][et_pb_text _builder_version=&#8221;4.22.1&#8243; _module_preset=&#8221;default&#8221; global_colors_info=&#8221;{}&#8221;]<\/p>\n<h2>Assist\u00e8ncia domicili\u00e0ria<\/h2>\n<p>Ens centrem en l&#8217;atenci\u00f3 a la persona i en el seu entorn quotidi\u00e0 fent acompanyament emocional i assistencial en espais domiciliaris i hospitalaris. Acompanyament durant visites m\u00e8diques i trajectes.<\/p>\n<p>Fomentar l&#8217;autonomia i el suport al grup familiar \u00e9s clau per a dissenyar l&#8217;acompanyament adequat.<\/p>\n<p>S&#8217;ofereix un acompanyament assistencial personalitzat per a la persona que requereix suport en la seva vida quotidiana, incloent-hi els seus familiars i en contacte amb altres professionals intervinents, unificant criteris i objectius de treball, afavorint el benestar i fent un treball de prevenci\u00f3 de la salut.<\/p>\n<p>Oferim atenci\u00f3 en tot el territori de Catalunya.<\/p>\n<p>[\/et_pb_text][et_pb_button button_url=&#8221;@ET-DC@eyJkeW5hbWljIjp0cnVlLCJjb250ZW50IjoicG9zdF9saW5rX3VybF9wYWdlIiwic2V0dGluZ3MiOnsicG9zdF9pZCI6IjMxOSJ9fQ==@&#8221; button_text=&#8221;Contacta&#039;ns&#8221; button_alignment=&#8221;center&#8221; _builder_version=&#8221;4.22.1&#8243; _dynamic_attributes=&#8221;button_url&#8221; _module_preset=&#8221;default&#8221; custom_button=&#8221;on&#8221; button_text_color=&#8221;#FFFFFF&#8221; button_bg_color=&#8221;#ee760b&#8221; button_border_width=&#8221;0px&#8221; button_use_icon=&#8221;off&#8221; custom_margin=&#8221;40px||||false|false&#8221; locked=&#8221;off&#8221; global_colors_info=&#8221;{}&#8221;][\/et_pb_button][\/et_pb_column][\/et_pb_row][\/et_pb_section]<\/p>\n","protected":false},"excerpt":{"rendered":"<p>Suport i assist\u00e8ncia domicili\u00e0ria \u2013 A PropAssist\u00e8ncia domicili\u00e0ria Ens centrem en l&#8217;atenci\u00f3 a la persona i en el seu entorn quotidi\u00e0 fent acompanyament emocional i assistencial en espais domiciliaris i hospitalaris. Acompanyament durant visites m\u00e8diques i trajectes. Fomentar l&#8217;autonomia i el suport al grup familiar \u00e9s clau per a dissenyar l&#8217;acompanyament adequat. S&#8217;ofereix un acompanyament [&hellip;]<\/p>\n","protected":false},"author":1,"featured_media":0,"parent":614,"menu_order":0,"comment_status":"closed","ping_status":"closed","template":"","meta":{"_et_pb_use_builder":"on","_et_pb_old_content":"","_et_gb_content_width":"","footnotes":""},"class_list":["post-632","page","type-page","status-publish","hentry"],"yoast_head":"<!-- This site is optimized with the Yoast SEO plugin v27.4 - https:\/\/yoast.com\/product\/yoast-seo-wordpress\/ -->\n<title>Suport i assist\u00e8ncia domicili\u00e0ria \u2013 A Prop - Tot amb tu<\/title>\n<meta name=\"robots\" content=\"index, follow, max-snippet:-1, max-image-preview:large, max-video-preview:-1\" \/>\n<link rel=\"canonical\" href=\"https:\/\/totambtu.com\/ca\/serveis\/suport-i-assistencia-domiciliaria-a-prop\/\" \/>\n<meta property=\"og:locale\" content=\"ca_ES\" \/>\n<meta property=\"og:type\" content=\"article\" \/>\n<meta property=\"og:title\" content=\"Suport i assist\u00e8ncia domicili\u00e0ria \u2013 A Prop - Tot amb tu\" \/>\n<meta property=\"og:description\" content=\"Suport i assist\u00e8ncia domicili\u00e0ria \u2013 A PropAssist\u00e8ncia domicili\u00e0ria Ens centrem en l&#039;atenci\u00f3 a la persona i en el seu entorn quotidi\u00e0 fent acompanyament emocional i assistencial en espais domiciliaris i hospitalaris. Acompanyament durant visites m\u00e8diques i trajectes. Fomentar l&#039;autonomia i el suport al grup familiar \u00e9s clau per a dissenyar l&#039;acompanyament adequat. S&#039;ofereix un acompanyament [&hellip;]\" \/>\n<meta property=\"og:url\" content=\"https:\/\/totambtu.com\/ca\/serveis\/suport-i-assistencia-domiciliaria-a-prop\/\" \/>\n<meta property=\"og:site_name\" content=\"Tot amb tu\" \/>\n<meta property=\"article:modified_time\" content=\"2024-03-12T07:33:26+00:00\" \/>\n<meta name=\"twitter:card\" content=\"summary_large_image\" \/>\n<meta name=\"twitter:label1\" content=\"Temps estimat de lectura\" \/>\n\t<meta name=\"twitter:data1\" content=\"2 minuts\" \/>\n<script type=\"application\/ld+json\" class=\"yoast-schema-graph\">{\"@context\":\"https:\\\/\\\/schema.org\",\"@graph\":[{\"@type\":\"WebPage\",\"@id\":\"https:\\\/\\\/totambtu.com\\\/ca\\\/serveis\\\/suport-i-assistencia-domiciliaria-a-prop\\\/\",\"url\":\"https:\\\/\\\/totambtu.com\\\/ca\\\/serveis\\\/suport-i-assistencia-domiciliaria-a-prop\\\/\",\"name\":\"Suport i assist\u00e8ncia domicili\u00e0ria \u2013 A Prop - Tot amb tu\",\"isPartOf\":{\"@id\":\"https:\\\/\\\/totambtu.com\\\/ca\\\/#website\"},\"datePublished\":\"2023-09-25T17:06:43+00:00\",\"dateModified\":\"2024-03-12T07:33:26+00:00\",\"breadcrumb\":{\"@id\":\"https:\\\/\\\/totambtu.com\\\/ca\\\/serveis\\\/suport-i-assistencia-domiciliaria-a-prop\\\/#breadcrumb\"},\"inLanguage\":\"ca\",\"potentialAction\":[{\"@type\":\"ReadAction\",\"target\":[\"https:\\\/\\\/totambtu.com\\\/ca\\\/serveis\\\/suport-i-assistencia-domiciliaria-a-prop\\\/\"]}]},{\"@type\":\"BreadcrumbList\",\"@id\":\"https:\\\/\\\/totambtu.com\\\/ca\\\/serveis\\\/suport-i-assistencia-domiciliaria-a-prop\\\/#breadcrumb\",\"itemListElement\":[{\"@type\":\"ListItem\",\"position\":1,\"name\":\"Portada\",\"item\":\"https:\\\/\\\/totambtu.com\\\/ca\\\/\"},{\"@type\":\"ListItem\",\"position\":2,\"name\":\"Serveis\",\"item\":\"https:\\\/\\\/totambtu.com\\\/ca\\\/servicios\\\/\"},{\"@type\":\"ListItem\",\"position\":3,\"name\":\"Suport i assist\u00e8ncia domicili\u00e0ria \u2013 A Prop\"}]},{\"@type\":\"WebSite\",\"@id\":\"https:\\\/\\\/totambtu.com\\\/ca\\\/#website\",\"url\":\"https:\\\/\\\/totambtu.com\\\/ca\\\/\",\"name\":\"Tot amb tu\",\"description\":\"Acompanyament terap\u00e8utic Catalunya\",\"potentialAction\":[{\"@type\":\"SearchAction\",\"target\":{\"@type\":\"EntryPoint\",\"urlTemplate\":\"https:\\\/\\\/totambtu.com\\\/ca\\\/?s={search_term_string}\"},\"query-input\":{\"@type\":\"PropertyValueSpecification\",\"valueRequired\":true,\"valueName\":\"search_term_string\"}}],\"inLanguage\":\"ca\"}]}<\/script>\n<!-- \/ Yoast SEO plugin. -->","yoast_head_json":{"title":"Suport i assist\u00e8ncia domicili\u00e0ria \u2013 A Prop - Tot amb tu","robots":{"index":"index","follow":"follow","max-snippet":"max-snippet:-1","max-image-preview":"max-image-preview:large","max-video-preview":"max-video-preview:-1"},"canonical":"https:\/\/totambtu.com\/ca\/serveis\/suport-i-assistencia-domiciliaria-a-prop\/","og_locale":"ca_ES","og_type":"article","og_title":"Suport i assist\u00e8ncia domicili\u00e0ria \u2013 A Prop - Tot amb tu","og_description":"Suport i assist\u00e8ncia domicili\u00e0ria \u2013 A PropAssist\u00e8ncia domicili\u00e0ria Ens centrem en l'atenci\u00f3 a la persona i en el seu entorn quotidi\u00e0 fent acompanyament emocional i assistencial en espais domiciliaris i hospitalaris. Acompanyament durant visites m\u00e8diques i trajectes. Fomentar l'autonomia i el suport al grup familiar \u00e9s clau per a dissenyar l'acompanyament adequat. S'ofereix un acompanyament [&hellip;]","og_url":"https:\/\/totambtu.com\/ca\/serveis\/suport-i-assistencia-domiciliaria-a-prop\/","og_site_name":"Tot amb tu","article_modified_time":"2024-03-12T07:33:26+00:00","twitter_card":"summary_large_image","twitter_misc":{"Temps estimat de lectura":"2 minuts"},"schema":{"@context":"https:\/\/schema.org","@graph":[{"@type":"WebPage","@id":"https:\/\/totambtu.com\/ca\/serveis\/suport-i-assistencia-domiciliaria-a-prop\/","url":"https:\/\/totambtu.com\/ca\/serveis\/suport-i-assistencia-domiciliaria-a-prop\/","name":"Suport i assist\u00e8ncia domicili\u00e0ria \u2013 A Prop - Tot amb tu","isPartOf":{"@id":"https:\/\/totambtu.com\/ca\/#website"},"datePublished":"2023-09-25T17:06:43+00:00","dateModified":"2024-03-12T07:33:26+00:00","breadcrumb":{"@id":"https:\/\/totambtu.com\/ca\/serveis\/suport-i-assistencia-domiciliaria-a-prop\/#breadcrumb"},"inLanguage":"ca","potentialAction":[{"@type":"ReadAction","target":["https:\/\/totambtu.com\/ca\/serveis\/suport-i-assistencia-domiciliaria-a-prop\/"]}]},{"@type":"BreadcrumbList","@id":"https:\/\/totambtu.com\/ca\/serveis\/suport-i-assistencia-domiciliaria-a-prop\/#breadcrumb","itemListElement":[{"@type":"ListItem","position":1,"name":"Portada","item":"https:\/\/totambtu.com\/ca\/"},{"@type":"ListItem","position":2,"name":"Serveis","item":"https:\/\/totambtu.com\/ca\/servicios\/"},{"@type":"ListItem","position":3,"name":"Suport i assist\u00e8ncia domicili\u00e0ria \u2013 A Prop"}]},{"@type":"WebSite","@id":"https:\/\/totambtu.com\/ca\/#website","url":"https:\/\/totambtu.com\/ca\/","name":"Tot amb tu","description":"Acompanyament terap\u00e8utic Catalunya","potentialAction":[{"@type":"SearchAction","target":{"@type":"EntryPoint","urlTemplate":"https:\/\/totambtu.com\/ca\/?s={search_term_string}"},"query-input":{"@type":"PropertyValueSpecification","valueRequired":true,"valueName":"search_term_string"}}],"inLanguage":"ca"}]}},"_links":{"self":[{"href":"https:\/\/totambtu.com\/ca\/wp-json\/wp\/v2\/pages\/632","targetHints":{"allow":["GET"]}}],"collection":[{"href":"https:\/\/totambtu.com\/ca\/wp-json\/wp\/v2\/pages"}],"about":[{"href":"https:\/\/totambtu.com\/ca\/wp-json\/wp\/v2\/types\/page"}],"author":[{"embeddable":true,"href":"https:\/\/totambtu.com\/ca\/wp-json\/wp\/v2\/users\/1"}],"replies":[{"embeddable":true,"href":"https:\/\/totambtu.com\/ca\/wp-json\/wp\/v2\/comments?post=632"}],"version-history":[{"count":5,"href":"https:\/\/totambtu.com\/ca\/wp-json\/wp\/v2\/pages\/632\/revisions"}],"predecessor-version":[{"id":637,"href":"https:\/\/totambtu.com\/ca\/wp-json\/wp\/v2\/pages\/632\/revisions\/637"}],"up":[{"embeddable":true,"href":"https:\/\/totambtu.com\/ca\/wp-json\/wp\/v2\/pages\/614"}],"wp:attachment":[{"href":"https:\/\/totambtu.com\/ca\/wp-json\/wp\/v2\/media?parent=632"}],"curies":[{"name":"wp","href":"https:\/\/api.w.org\/{rel}","templated":true}]}}