{"id":1101,"date":"2026-03-23T14:49:50","date_gmt":"2026-03-23T14:49:50","guid":{"rendered":"https:\/\/totambtu.com\/?page_id=1101"},"modified":"2026-03-23T14:49:57","modified_gmt":"2026-03-23T14:49:57","slug":"casa-tea","status":"publish","type":"page","link":"https:\/\/totambtu.com\/ca\/serveis\/casa-tea\/","title":{"rendered":"Casa TEA"},"content":{"rendered":"<p>[et_pb_section fb_built=&#8221;1&#8243; module_class=&#8221;gradient-1&#8243; _builder_version=&#8221;4.22.1&#8243; _module_preset=&#8221;default&#8221; use_background_color_gradient=&#8221;on&#8221; background_color_gradient_direction=&#8221;156deg&#8221; background_color_gradient_stops=&#8221;#ee760d 0%|#ea504d 58%|#6a5aa3 100%&#8221; custom_padding=&#8221;80px||80px||false|false&#8221; locked=&#8221;off&#8221; global_colors_info=&#8221;{}&#8221;][et_pb_row _builder_version=&#8221;4.21.0&#8243; _module_preset=&#8221;default&#8221; global_colors_info=&#8221;{}&#8221;][et_pb_column type=&#8221;4_4&#8243; _builder_version=&#8221;4.21.0&#8243; _module_preset=&#8221;default&#8221; global_colors_info=&#8221;{}&#8221;][et_pb_text _builder_version=&#8221;4.22.1&#8243; _module_preset=&#8221;default&#8221; header_text_color=&#8221;#FFFFFF&#8221; global_colors_info=&#8221;{}&#8221;]<\/p>\n<h1>Casa TEA<\/h1>\n<p>[\/et_pb_text][\/et_pb_column][\/et_pb_row][\/et_pb_section][et_pb_section fb_built=&#8221;1&#8243; _builder_version=&#8221;4.27.4&#8243; _module_preset=&#8221;default&#8221; global_colors_info=&#8221;{}&#8221;][et_pb_row _builder_version=&#8221;4.22.1&#8243; _module_preset=&#8221;default&#8221; global_colors_info=&#8221;{}&#8221;][et_pb_column type=&#8221;4_4&#8243; _builder_version=&#8221;4.22.1&#8243; _module_preset=&#8221;default&#8221; global_colors_info=&#8221;{}&#8221;][et_pb_image src=&#8221;https:\/\/totambtu.com\/wp-content\/uploads\/Diseno-sin-titulo-4.png&#8221; title_text=&#8221;Dise\u00f1o sin t\u00edtulo (4)&#8221; _builder_version=&#8221;4.27.4&#8243; _module_preset=&#8221;default&#8221; max_width=&#8221;140px&#8221; module_alignment=&#8221;left&#8221; global_colors_info=&#8221;{}&#8221;][\/et_pb_image][et_pb_text _builder_version=&#8221;4.22.1&#8243; _module_preset=&#8221;default&#8221; global_colors_info=&#8221;{}&#8221;]<\/p>\n<p>Una iniciativa d\u2019habitatge cooperatiu en cessi\u00f3 d\u2019\u00fas adre\u00e7ada a fam\u00edlies amb persones amb TEA nivell 3 que requereixen suport continuat, actualment en fase d\u2019impuls i estudi de viabilitat. Sorgeix de la necessitat de trobar alternatives residencials estables i adaptades que no separin les persones del seu entorn familiar, i proposa pensar la llar des de la comunitat, les cures i la visi\u00f3 a llarg termini.<\/p>\n<p>El projecte, acompanyat per<span>\u00a0<\/span><strong><span><a href=\"https:\/\/www.colab.cat\/ca\/nosaltres\/\">COL\u00b7LAB\u00a0<\/a><\/span><\/strong><span>amb la col\u00b7laboraci\u00f3 de\u00a0<\/span><span><strong><a href=\"https:\/\/totambtu.com\/ca\/qui-som\/\">Tot Amb Tu<\/a><\/strong><\/span>, impulsa un model no mercantilitzat basat en una<strong><span>\u00a0<\/span>comunitat intencional<\/strong><span>\u00a0<\/span>amb espais adaptats, governan\u00e7a democr\u00e0tica i suport mutu per<span>\u00a0<\/span><strong>compartir cures<\/strong>,<span>\u00a0<\/span><strong>reduir l\u2019a\u00efllament<\/strong><span>\u00a0<\/span>i<span>\u00a0<\/span><strong>millorar el benestar.<\/strong><\/p>\n<p>[\/et_pb_text][\/et_pb_column][\/et_pb_row][et_pb_row column_structure=&#8221;1_2,1_2&#8243; make_equal=&#8221;on&#8221; _builder_version=&#8221;4.22.1&#8243; _module_preset=&#8221;default&#8221; max_width=&#8221;700px&#8221; module_alignment=&#8221;center&#8221; locked=&#8221;off&#8221; global_colors_info=&#8221;{}&#8221;][et_pb_column type=&#8221;1_2&#8243; _builder_version=&#8221;4.21.0&#8243; _module_preset=&#8221;default&#8221; background_image=&#8221;https:\/\/totambtu.com\/wp-content\/uploads\/circulo1.svg&#8221; background_size=&#8221;custom&#8221; background_image_width=&#8221;250px&#8221; background_position=&#8221;top_center&#8221; global_colors_info=&#8221;{}&#8221;][et_pb_image src=&#8221;https:\/\/totambtu.com\/wp-content\/uploads\/casa-TEA-interior.jpeg&#8221; title_text=&#8221;casa TEA interior&#8221; align=&#8221;center&#8221; _builder_version=&#8221;4.27.4&#8243; _module_preset=&#8221;default&#8221; max_height=&#8221;210px&#8221; custom_padding=&#8221;30px||24px||false|false&#8221; locked=&#8221;off&#8221; global_colors_info=&#8221;{}&#8221;][\/et_pb_image][\/et_pb_column][et_pb_column type=&#8221;1_2&#8243; _builder_version=&#8221;4.22.1&#8243; _module_preset=&#8221;default&#8221; background_enable_image=&#8221;off&#8221; background_size=&#8221;custom&#8221; background_image_width=&#8221;250px&#8221; background_position=&#8221;top_center&#8221; global_colors_info=&#8221;{}&#8221;][et_pb_text _builder_version=&#8221;4.22.1&#8243; _module_preset=&#8221;default&#8221; header_4_line_height=&#8221;1.3em&#8221; global_colors_info=&#8221;{}&#8221;]<\/p>\n<p><strong>Espais comunitaris:<\/strong><\/p>\n<ul>\n<li>Espais de regulaci\u00f3 sensorial<\/li>\n<li>Equipaments per a serveis sanitaris a domicili<\/li>\n<li>Control ac\u00fastic i reducci\u00f3 d\u2019est\u00edmuls invasius<\/li>\n<li>Il\u00b7luminaci\u00f3 natural regulada i confort visual<\/li>\n<li>Seq\u00fcenciaci\u00f3 clara d\u2019espais i transicions previsibles<\/li>\n<\/ul>\n<ul class=\"redes-sociales\"><\/ul>\n<p>[\/et_pb_text][\/et_pb_column][\/et_pb_row][et_pb_row _builder_version=&#8221;4.22.1&#8243; _module_preset=&#8221;default&#8221; global_colors_info=&#8221;{}&#8221;][et_pb_column type=&#8221;4_4&#8243; _builder_version=&#8221;4.22.1&#8243; _module_preset=&#8221;default&#8221; global_colors_info=&#8221;{}&#8221;][et_pb_button button_url=&#8221;https:\/\/tally.so\/r\/yP9Y8W&#8221; button_text=&#8221;Vull m\u00e9s informaci\u00f3&#8221; button_alignment=&#8221;center&#8221; _builder_version=&#8221;4.27.4&#8243; _module_preset=&#8221;default&#8221; custom_button=&#8221;on&#8221; button_text_color=&#8221;#FFFFFF&#8221; button_bg_color=&#8221;#ee760b&#8221; button_border_width=&#8221;0px&#8221; button_use_icon=&#8221;off&#8221; custom_margin=&#8221;40px||||false|false&#8221; locked=&#8221;off&#8221; global_colors_info=&#8221;{}&#8221;][\/et_pb_button][et_pb_button button_url=&#8221;https:\/\/tally.so\/r\/kdYqBr&#8221; button_text=&#8221;Vull donar-hi suport&#8221; button_alignment=&#8221;center&#8221; _builder_version=&#8221;4.27.4&#8243; _module_preset=&#8221;default&#8221; custom_button=&#8221;on&#8221; button_text_color=&#8221;#FFFFFF&#8221; button_bg_color=&#8221;#ee760b&#8221; button_border_width=&#8221;0px&#8221; button_use_icon=&#8221;off&#8221; custom_margin=&#8221;40px||||false|false&#8221; locked=&#8221;off&#8221; global_colors_info=&#8221;{}&#8221;][\/et_pb_button][\/et_pb_column][\/et_pb_row][et_pb_row _builder_version=&#8221;4.27.4&#8243; _module_preset=&#8221;default&#8221; global_colors_info=&#8221;{}&#8221;][et_pb_column type=&#8221;4_4&#8243; _builder_version=&#8221;4.27.4&#8243; _module_preset=&#8221;default&#8221; global_colors_info=&#8221;{}&#8221;][et_pb_image src=&#8221;https:\/\/totambtu.com\/wp-content\/uploads\/Diseno-sin-titulo-2.png&#8221; title_text=&#8221;Dise\u00f1o sin t\u00edtulo (2)&#8221; _builder_version=&#8221;4.27.4&#8243; _module_preset=&#8221;default&#8221; global_colors_info=&#8221;{}&#8221;][\/et_pb_image][\/et_pb_column][\/et_pb_row][\/et_pb_section]<\/p>\n","protected":false},"excerpt":{"rendered":"<p>Casa TEAUna iniciativa d\u2019habitatge cooperatiu en cessi\u00f3 d\u2019\u00fas adre\u00e7ada a fam\u00edlies amb persones amb TEA nivell 3 que requereixen suport continuat, actualment en fase d\u2019impuls i estudi de viabilitat. Sorgeix de la necessitat de trobar alternatives residencials estables i adaptades que no separin les persones del seu entorn familiar, i proposa pensar la llar des [&hellip;]<\/p>\n","protected":false},"author":1,"featured_media":0,"parent":614,"menu_order":0,"comment_status":"closed","ping_status":"closed","template":"","meta":{"_et_pb_use_builder":"on","_et_pb_old_content":"","_et_gb_content_width":"","footnotes":""},"class_list":["post-1101","page","type-page","status-publish","hentry"],"yoast_head":"<!-- This site is optimized with the Yoast SEO plugin v27.4 - https:\/\/yoast.com\/product\/yoast-seo-wordpress\/ -->\n<title>Casa TEA - Tot amb tu<\/title>\n<meta name=\"robots\" content=\"index, follow, max-snippet:-1, max-image-preview:large, max-video-preview:-1\" \/>\n<link rel=\"canonical\" href=\"https:\/\/totambtu.com\/ca\/serveis\/casa-tea\/\" \/>\n<meta property=\"og:locale\" content=\"ca_ES\" \/>\n<meta property=\"og:type\" content=\"article\" \/>\n<meta property=\"og:title\" content=\"Casa TEA - Tot amb tu\" \/>\n<meta property=\"og:description\" content=\"Casa TEAUna iniciativa d\u2019habitatge cooperatiu en cessi\u00f3 d\u2019\u00fas adre\u00e7ada a fam\u00edlies amb persones amb TEA nivell 3 que requereixen suport continuat, actualment en fase d\u2019impuls i estudi de viabilitat. Sorgeix de la necessitat de trobar alternatives residencials estables i adaptades que no separin les persones del seu entorn familiar, i proposa pensar la llar des [&hellip;]\" \/>\n<meta property=\"og:url\" content=\"https:\/\/totambtu.com\/ca\/serveis\/casa-tea\/\" \/>\n<meta property=\"og:site_name\" content=\"Tot amb tu\" \/>\n<meta property=\"article:modified_time\" content=\"2026-03-23T14:49:57+00:00\" \/>\n<meta name=\"twitter:card\" content=\"summary_large_image\" \/>\n<meta name=\"twitter:label1\" content=\"Temps estimat de lectura\" \/>\n\t<meta name=\"twitter:data1\" content=\"2 minuts\" \/>\n<script type=\"application\/ld+json\" class=\"yoast-schema-graph\">{\"@context\":\"https:\\\/\\\/schema.org\",\"@graph\":[{\"@type\":\"WebPage\",\"@id\":\"https:\\\/\\\/totambtu.com\\\/ca\\\/serveis\\\/casa-tea\\\/\",\"url\":\"https:\\\/\\\/totambtu.com\\\/ca\\\/serveis\\\/casa-tea\\\/\",\"name\":\"Casa TEA - Tot amb tu\",\"isPartOf\":{\"@id\":\"https:\\\/\\\/totambtu.com\\\/ca\\\/#website\"},\"datePublished\":\"2026-03-23T14:49:50+00:00\",\"dateModified\":\"2026-03-23T14:49:57+00:00\",\"breadcrumb\":{\"@id\":\"https:\\\/\\\/totambtu.com\\\/ca\\\/serveis\\\/casa-tea\\\/#breadcrumb\"},\"inLanguage\":\"ca\",\"potentialAction\":[{\"@type\":\"ReadAction\",\"target\":[\"https:\\\/\\\/totambtu.com\\\/ca\\\/serveis\\\/casa-tea\\\/\"]}]},{\"@type\":\"BreadcrumbList\",\"@id\":\"https:\\\/\\\/totambtu.com\\\/ca\\\/serveis\\\/casa-tea\\\/#breadcrumb\",\"itemListElement\":[{\"@type\":\"ListItem\",\"position\":1,\"name\":\"Portada\",\"item\":\"https:\\\/\\\/totambtu.com\\\/ca\\\/\"},{\"@type\":\"ListItem\",\"position\":2,\"name\":\"Serveis\",\"item\":\"https:\\\/\\\/totambtu.com\\\/ca\\\/servicios\\\/\"},{\"@type\":\"ListItem\",\"position\":3,\"name\":\"Casa TEA\"}]},{\"@type\":\"WebSite\",\"@id\":\"https:\\\/\\\/totambtu.com\\\/ca\\\/#website\",\"url\":\"https:\\\/\\\/totambtu.com\\\/ca\\\/\",\"name\":\"Tot amb tu\",\"description\":\"Acompanyament terap\u00e8utic Catalunya\",\"potentialAction\":[{\"@type\":\"SearchAction\",\"target\":{\"@type\":\"EntryPoint\",\"urlTemplate\":\"https:\\\/\\\/totambtu.com\\\/ca\\\/?s={search_term_string}\"},\"query-input\":{\"@type\":\"PropertyValueSpecification\",\"valueRequired\":true,\"valueName\":\"search_term_string\"}}],\"inLanguage\":\"ca\"}]}<\/script>\n<!-- \/ Yoast SEO plugin. -->","yoast_head_json":{"title":"Casa TEA - Tot amb tu","robots":{"index":"index","follow":"follow","max-snippet":"max-snippet:-1","max-image-preview":"max-image-preview:large","max-video-preview":"max-video-preview:-1"},"canonical":"https:\/\/totambtu.com\/ca\/serveis\/casa-tea\/","og_locale":"ca_ES","og_type":"article","og_title":"Casa TEA - Tot amb tu","og_description":"Casa TEAUna iniciativa d\u2019habitatge cooperatiu en cessi\u00f3 d\u2019\u00fas adre\u00e7ada a fam\u00edlies amb persones amb TEA nivell 3 que requereixen suport continuat, actualment en fase d\u2019impuls i estudi de viabilitat. Sorgeix de la necessitat de trobar alternatives residencials estables i adaptades que no separin les persones del seu entorn familiar, i proposa pensar la llar des [&hellip;]","og_url":"https:\/\/totambtu.com\/ca\/serveis\/casa-tea\/","og_site_name":"Tot amb tu","article_modified_time":"2026-03-23T14:49:57+00:00","twitter_card":"summary_large_image","twitter_misc":{"Temps estimat de lectura":"2 minuts"},"schema":{"@context":"https:\/\/schema.org","@graph":[{"@type":"WebPage","@id":"https:\/\/totambtu.com\/ca\/serveis\/casa-tea\/","url":"https:\/\/totambtu.com\/ca\/serveis\/casa-tea\/","name":"Casa TEA - Tot amb tu","isPartOf":{"@id":"https:\/\/totambtu.com\/ca\/#website"},"datePublished":"2026-03-23T14:49:50+00:00","dateModified":"2026-03-23T14:49:57+00:00","breadcrumb":{"@id":"https:\/\/totambtu.com\/ca\/serveis\/casa-tea\/#breadcrumb"},"inLanguage":"ca","potentialAction":[{"@type":"ReadAction","target":["https:\/\/totambtu.com\/ca\/serveis\/casa-tea\/"]}]},{"@type":"BreadcrumbList","@id":"https:\/\/totambtu.com\/ca\/serveis\/casa-tea\/#breadcrumb","itemListElement":[{"@type":"ListItem","position":1,"name":"Portada","item":"https:\/\/totambtu.com\/ca\/"},{"@type":"ListItem","position":2,"name":"Serveis","item":"https:\/\/totambtu.com\/ca\/servicios\/"},{"@type":"ListItem","position":3,"name":"Casa TEA"}]},{"@type":"WebSite","@id":"https:\/\/totambtu.com\/ca\/#website","url":"https:\/\/totambtu.com\/ca\/","name":"Tot amb tu","description":"Acompanyament terap\u00e8utic Catalunya","potentialAction":[{"@type":"SearchAction","target":{"@type":"EntryPoint","urlTemplate":"https:\/\/totambtu.com\/ca\/?s={search_term_string}"},"query-input":{"@type":"PropertyValueSpecification","valueRequired":true,"valueName":"search_term_string"}}],"inLanguage":"ca"}]}},"_links":{"self":[{"href":"https:\/\/totambtu.com\/ca\/wp-json\/wp\/v2\/pages\/1101","targetHints":{"allow":["GET"]}}],"collection":[{"href":"https:\/\/totambtu.com\/ca\/wp-json\/wp\/v2\/pages"}],"about":[{"href":"https:\/\/totambtu.com\/ca\/wp-json\/wp\/v2\/types\/page"}],"author":[{"embeddable":true,"href":"https:\/\/totambtu.com\/ca\/wp-json\/wp\/v2\/users\/1"}],"replies":[{"embeddable":true,"href":"https:\/\/totambtu.com\/ca\/wp-json\/wp\/v2\/comments?post=1101"}],"version-history":[{"count":7,"href":"https:\/\/totambtu.com\/ca\/wp-json\/wp\/v2\/pages\/1101\/revisions"}],"predecessor-version":[{"id":1118,"href":"https:\/\/totambtu.com\/ca\/wp-json\/wp\/v2\/pages\/1101\/revisions\/1118"}],"up":[{"embeddable":true,"href":"https:\/\/totambtu.com\/ca\/wp-json\/wp\/v2\/pages\/614"}],"wp:attachment":[{"href":"https:\/\/totambtu.com\/ca\/wp-json\/wp\/v2\/media?parent=1101"}],"curies":[{"name":"wp","href":"https:\/\/api.w.org\/{rel}","templated":true}]}}